{"id":100,"date":"2022-04-13T11:33:10","date_gmt":"2022-04-13T09:33:10","guid":{"rendered":"http:\/\/local.mvstud.io\/?page_id=100"},"modified":"2024-12-03T17:28:57","modified_gmt":"2024-12-03T16:28:57","slug":"actualites","status":"publish","type":"page","link":"https:\/\/www.popsolutions.be\/fr\/actualites\/","title":{"rendered":"Actualit\u00e9s"},"content":{"rendered":"","protected":false},"excerpt":{"rendered":"","protected":false},"author":1,"featured_media":0,"parent":0,"menu_order":0,"comment_status":"closed","ping_status":"closed","template":"page-templates\/news.php","meta":{"footnotes":""},"class_list":["post-100","page","type-page","status-publish","hentry"],"yoast_head":"<!-- This site is optimized with the Yoast SEO plugin v15.8 - https:\/\/yoast.com\/wordpress\/plugins\/seo\/ -->\n<meta name=\"description\" content=\"Les points forts de notre actualit\u00e9. D\u00e9couvrez nos derni\u00e8res infos, projets PLV, partenariats, actualit\u00e9s du secteur, \u2026\" \/>\n<meta name=\"robots\" content=\"index, follow, max-snippet:-1, max-image-preview:large, max-video-preview:-1\" \/>\n<link rel=\"canonical\" href=\"https:\/\/www.popsolutions.be\/fr\/actualites\/\" \/>\n<meta property=\"og:locale\" content=\"fr_FR\" \/>\n<meta property=\"og:type\" content=\"article\" \/>\n<meta property=\"og:title\" content=\"Actualit\u00e9s - POP Solutions\" \/>\n<meta property=\"og:description\" content=\"Les points forts de notre actualit\u00e9. D\u00e9couvrez nos derni\u00e8res infos, projets PLV, partenariats, actualit\u00e9s du secteur, \u2026\" \/>\n<meta property=\"og:url\" content=\"https:\/\/www.popsolutions.be\/fr\/actualites\/\" \/>\n<meta property=\"og:site_name\" content=\"POP Solutions\" \/>\n<meta property=\"article:publisher\" content=\"https:\/\/www.facebook.com\/POPSolutions\" \/>\n<meta property=\"article:modified_time\" content=\"2024-12-03T16:28:57+00:00\" \/>\n<meta name=\"twitter:card\" content=\"summary_large_image\" \/>\n<script type=\"application\/ld+json\" class=\"yoast-schema-graph\">{\"@context\":\"https:\/\/schema.org\",\"@graph\":[{\"@type\":\"WebSite\",\"@id\":\"https:\/\/www.popsolutions.be\/fr\/#website\",\"url\":\"https:\/\/www.popsolutions.be\/fr\/\",\"name\":\"POP Solutions\",\"description\":\"We think, design, produce for you\",\"potentialAction\":[{\"@type\":\"SearchAction\",\"target\":\"https:\/\/www.popsolutions.be\/fr\/?s={search_term_string}\",\"query-input\":\"required name=search_term_string\"}],\"inLanguage\":\"fr-FR\"},{\"@type\":\"WebPage\",\"@id\":\"https:\/\/www.popsolutions.be\/fr\/actualites\/#webpage\",\"url\":\"https:\/\/www.popsolutions.be\/fr\/actualites\/\",\"name\":\"Actualit\\u00e9s - POP Solutions\",\"isPartOf\":{\"@id\":\"https:\/\/www.popsolutions.be\/fr\/#website\"},\"datePublished\":\"2022-04-13T09:33:10+00:00\",\"dateModified\":\"2024-12-03T16:28:57+00:00\",\"description\":\"Les points forts de notre actualit\\u00e9. D\\u00e9couvrez nos derni\\u00e8res infos, projets PLV, partenariats, actualit\\u00e9s du secteur, \\u2026\",\"breadcrumb\":{\"@id\":\"https:\/\/www.popsolutions.be\/fr\/actualites\/#breadcrumb\"},\"inLanguage\":\"fr-FR\",\"potentialAction\":[{\"@type\":\"ReadAction\",\"target\":[\"https:\/\/www.popsolutions.be\/fr\/actualites\/\"]}]},{\"@type\":\"BreadcrumbList\",\"@id\":\"https:\/\/www.popsolutions.be\/fr\/actualites\/#breadcrumb\",\"itemListElement\":[{\"@type\":\"ListItem\",\"position\":1,\"item\":{\"@type\":\"WebPage\",\"@id\":\"https:\/\/www.popsolutions.be\/fr\/\",\"url\":\"https:\/\/www.popsolutions.be\/fr\/\",\"name\":\"Home\"}},{\"@type\":\"ListItem\",\"position\":2,\"item\":{\"@type\":\"WebPage\",\"@id\":\"https:\/\/www.popsolutions.be\/fr\/actualites\/\",\"url\":\"https:\/\/www.popsolutions.be\/fr\/actualites\/\",\"name\":\"Actualit\\u00e9s\"}}]}]}<\/script>\n<!-- \/ Yoast SEO plugin. -->","_links":{"self":[{"href":"https:\/\/www.popsolutions.be\/fr\/wp-json\/wp\/v2\/pages\/100","targetHints":{"allow":["GET"]}}],"collection":[{"href":"https:\/\/www.popsolutions.be\/fr\/wp-json\/wp\/v2\/pages"}],"about":[{"href":"https:\/\/www.popsolutions.be\/fr\/wp-json\/wp\/v2\/types\/page"}],"author":[{"embeddable":true,"href":"https:\/\/www.popsolutions.be\/fr\/wp-json\/wp\/v2\/users\/1"}],"replies":[{"embeddable":true,"href":"https:\/\/www.popsolutions.be\/fr\/wp-json\/wp\/v2\/comments?post=100"}],"version-history":[{"count":43,"href":"https:\/\/www.popsolutions.be\/fr\/wp-json\/wp\/v2\/pages\/100\/revisions"}],"predecessor-version":[{"id":14376,"href":"https:\/\/www.popsolutions.be\/fr\/wp-json\/wp\/v2\/pages\/100\/revisions\/14376"}],"wp:attachment":[{"href":"https:\/\/www.popsolutions.be\/fr\/wp-json\/wp\/v2\/media?parent=100"}],"curies":[{"name":"wp","href":"https:\/\/api.w.org\/{rel}","templated":true}]}}