{"id":141,"date":"2022-04-13T15:44:29","date_gmt":"2022-04-13T13:44:29","guid":{"rendered":"http:\/\/local.mvstud.io\/?page_id=141"},"modified":"2025-12-15T09:43:53","modified_gmt":"2025-12-15T08:43:53","slug":"produits-plv","status":"publish","type":"page","link":"https:\/\/www.popsolutions.be\/fr\/produits-plv\/","title":{"rendered":"Produits"},"content":{"rendered":"","protected":false},"excerpt":{"rendered":"","protected":false},"author":1,"featured_media":1580,"parent":0,"menu_order":0,"comment_status":"closed","ping_status":"closed","template":"page-templates\/product.php","meta":{"footnotes":""},"class_list":["post-141","page","type-page","status-publish","has-post-thumbnail","hentry"],"yoast_head":"<!-- This site is optimized with the Yoast SEO plugin v15.8 - https:\/\/yoast.com\/wordpress\/plugins\/seo\/ -->\n<meta name=\"description\" content=\"Du pr\u00e9sentoir en carton standard au meuble multi-mat\u00e9riaux sur mesure, POP Solutions vous propose une gamme illimit\u00e9e de mat\u00e9riel PLV.\" \/>\n<meta name=\"robots\" content=\"index, follow, max-snippet:-1, max-image-preview:large, max-video-preview:-1\" \/>\n<link rel=\"canonical\" href=\"https:\/\/www.popsolutions.be\/fr\/produits-plv\/\" \/>\n<meta property=\"og:locale\" content=\"fr_FR\" \/>\n<meta property=\"og:type\" content=\"article\" \/>\n<meta property=\"og:title\" content=\"Produits PLV standards et sur-mesure - POP Solutions\" \/>\n<meta property=\"og:description\" content=\"Du pr\u00e9sentoir en carton standard au meuble multi-mat\u00e9riaux sur mesure, POP Solutions vous propose une gamme illimit\u00e9e de mat\u00e9riel PLV.\" \/>\n<meta property=\"og:url\" content=\"https:\/\/www.popsolutions.be\/fr\/produits-plv\/\" \/>\n<meta property=\"og:site_name\" content=\"POP Solutions\" \/>\n<meta property=\"article:publisher\" content=\"https:\/\/www.facebook.com\/POPSolutions\" \/>\n<meta property=\"article:modified_time\" content=\"2025-12-15T08:43:53+00:00\" \/>\n<meta property=\"og:image\" content=\"https:\/\/www.popsolutions.be\/wp-content\/uploads\/2022\/06\/Rowenta-copie.png\" \/>\n\t<meta property=\"og:image:width\" content=\"826\" \/>\n\t<meta property=\"og:image:height\" content=\"696\" \/>\n<meta name=\"twitter:card\" content=\"summary_large_image\" \/>\n<script type=\"application\/ld+json\" class=\"yoast-schema-graph\">{\"@context\":\"https:\/\/schema.org\",\"@graph\":[{\"@type\":\"WebSite\",\"@id\":\"https:\/\/www.popsolutions.be\/fr\/#website\",\"url\":\"https:\/\/www.popsolutions.be\/fr\/\",\"name\":\"POP Solutions\",\"description\":\"We think, design, produce for you\",\"potentialAction\":[{\"@type\":\"SearchAction\",\"target\":\"https:\/\/www.popsolutions.be\/fr\/?s={search_term_string}\",\"query-input\":\"required name=search_term_string\"}],\"inLanguage\":\"fr-FR\"},{\"@type\":\"ImageObject\",\"@id\":\"https:\/\/www.popsolutions.be\/fr\/produits-plv\/#primaryimage\",\"inLanguage\":\"fr-FR\",\"url\":\"https:\/\/www.popsolutions.be\/wp-content\/uploads\/2022\/06\/Rowenta-copie.png\",\"width\":826,\"height\":696},{\"@type\":\"WebPage\",\"@id\":\"https:\/\/www.popsolutions.be\/fr\/produits-plv\/#webpage\",\"url\":\"https:\/\/www.popsolutions.be\/fr\/produits-plv\/\",\"name\":\"Produits PLV standards et sur-mesure - POP Solutions\",\"isPartOf\":{\"@id\":\"https:\/\/www.popsolutions.be\/fr\/#website\"},\"primaryImageOfPage\":{\"@id\":\"https:\/\/www.popsolutions.be\/fr\/produits-plv\/#primaryimage\"},\"datePublished\":\"2022-04-13T13:44:29+00:00\",\"dateModified\":\"2025-12-15T08:43:53+00:00\",\"description\":\"Du pr\\u00e9sentoir en carton standard au meuble multi-mat\\u00e9riaux sur mesure, POP Solutions vous propose une gamme illimit\\u00e9e de mat\\u00e9riel PLV.\",\"breadcrumb\":{\"@id\":\"https:\/\/www.popsolutions.be\/fr\/produits-plv\/#breadcrumb\"},\"inLanguage\":\"fr-FR\",\"potentialAction\":[{\"@type\":\"ReadAction\",\"target\":[\"https:\/\/www.popsolutions.be\/fr\/produits-plv\/\"]}]},{\"@type\":\"BreadcrumbList\",\"@id\":\"https:\/\/www.popsolutions.be\/fr\/produits-plv\/#breadcrumb\",\"itemListElement\":[{\"@type\":\"ListItem\",\"position\":1,\"item\":{\"@type\":\"WebPage\",\"@id\":\"https:\/\/www.popsolutions.be\/fr\/\",\"url\":\"https:\/\/www.popsolutions.be\/fr\/\",\"name\":\"Home\"}},{\"@type\":\"ListItem\",\"position\":2,\"item\":{\"@type\":\"WebPage\",\"@id\":\"https:\/\/www.popsolutions.be\/fr\/produits-plv\/\",\"url\":\"https:\/\/www.popsolutions.be\/fr\/produits-plv\/\",\"name\":\"Produits\"}}]}]}<\/script>\n<!-- \/ Yoast SEO plugin. -->","_links":{"self":[{"href":"https:\/\/www.popsolutions.be\/fr\/wp-json\/wp\/v2\/pages\/141","targetHints":{"allow":["GET"]}}],"collection":[{"href":"https:\/\/www.popsolutions.be\/fr\/wp-json\/wp\/v2\/pages"}],"about":[{"href":"https:\/\/www.popsolutions.be\/fr\/wp-json\/wp\/v2\/types\/page"}],"author":[{"embeddable":true,"href":"https:\/\/www.popsolutions.be\/fr\/wp-json\/wp\/v2\/users\/1"}],"replies":[{"embeddable":true,"href":"https:\/\/www.popsolutions.be\/fr\/wp-json\/wp\/v2\/comments?post=141"}],"version-history":[{"count":21,"href":"https:\/\/www.popsolutions.be\/fr\/wp-json\/wp\/v2\/pages\/141\/revisions"}],"predecessor-version":[{"id":18183,"href":"https:\/\/www.popsolutions.be\/fr\/wp-json\/wp\/v2\/pages\/141\/revisions\/18183"}],"wp:featuredmedia":[{"embeddable":true,"href":"https:\/\/www.popsolutions.be\/fr\/wp-json\/wp\/v2\/media\/1580"}],"wp:attachment":[{"href":"https:\/\/www.popsolutions.be\/fr\/wp-json\/wp\/v2\/media?parent=141"}],"curies":[{"name":"wp","href":"https:\/\/api.w.org\/{rel}","templated":true}]}}